{"id":5806,"date":"2022-11-14T19:24:22","date_gmt":"2022-11-14T19:24:22","guid":{"rendered":"https:\/\/eu.academy.healy.world\/test-page\/"},"modified":"2023-03-31T19:15:18","modified_gmt":"2023-03-31T19:15:18","slug":"test-page-sv","status":"publish","type":"page","link":"https:\/\/eu.academy.healy.world\/sv\/test-page-sv\/","title":{"rendered":"Tack f\u00f6r att du anv\u00e4nder Healy Academy"},"content":{"rendered":"\n<div class=\"wp-block-stackable-columns stk-block-columns stk-block stk-28bda26 stk-block-background\" data-block-id=\"28bda26\"><style>.stk-28bda26{background-color:var(--stk-global-color-30926,#ffffff) !important}.stk-28bda26:before{background-color:var(--stk-global-color-30926,#ffffff) !important}.stk-28bda26{border-radius:10px !important;overflow:hidden !important;box-shadow:0px 2px 3px 0px rgba(0,0,0,0.25) !important}.stk-28bda26{padding-top:0px !important;padding-right:0px !important;padding-bottom:0px !important;padding-left:0px !important;margin-top:30px !important;margin-bottom:40px !important}<\/style><div class=\"stk-row stk-inner-blocks stk-block-content stk-content-align stk-28bda26-column\">\n<div class=\"wp-block-stackable-column stk-block-column stk-block-column--v2 stk-column stk-block stk-a9ba2d4\" data-block-id=\"a9ba2d4\"><style>.stk-a9ba2d4{padding-top:20px !important;padding-bottom:20px !important;padding-left:20px !important}@media screen and (min-width:768px){.stk-a9ba2d4{flex:1 1 calc(23% - var(--stk-column-gap,0px) * 1 \/ 2 ) !important}}<\/style><div class=\"stk-column-wrapper stk-block-column__content stk-container stk-a9ba2d4-container stk--no-background stk--no-padding\"><div class=\"stk-block-content stk-inner-blocks stk-a9ba2d4-inner-blocks\">\n<div class=\"wp-block-stackable-heading stk-block-heading stk-block stk-6fa0d04\" id=\"we-are-happy-to-see-you-here\" data-block-id=\"6fa0d04\"><style>.stk-6fa0d04 .stk-block-heading__text{font-size:26px !important;margin:0 !important;line-height:1.34em !important;font-weight:600 !important;font-family:\"Open Sans\",Sans-serif !important}@media screen and (max-width:1023px){.stk-6fa0d04 .stk-block-heading__text{font-size:26px !important}}<\/style><h2 class=\"stk-block-heading__text\">Vi \u00e4r glada att du \u00e4r h\u00e4r<\/h2><\/div>\n\n\n\n<div class=\"wp-block-stackable-text stk-block-text stk-block stk-44755b7\" data-block-id=\"44755b7\"><style>.stk-44755b7 .stk-block-text__text{font-size:18px !important;line-height:1.36em !important;font-family:\"Open Sans\",Sans-serif !important}@media screen and (max-width:1023px){.stk-44755b7 .stk-block-text__text{font-size:18px !important}}<\/style><p class=\"stk-block-text__text\">F\u00f6r att se allt inneh\u00e5ll m\u00e5ste du logga in med dina Healy Shop-uppgifter.<\/p><\/div>\n\n\n\n<div class=\"wp-block-stackable-text stk-block-text stk-block stk-98b8f41\" data-block-id=\"98b8f41\"><style>.stk-98b8f41 .stk-block-text__text{font-size:18px !important;line-height:1.36em !important;font-family:\"Open Sans\",Sans-serif !important}@media screen and (max-width:1023px){.stk-98b8f41 .stk-block-text__text{font-size:18px !important}}<\/style><p class=\"stk-block-text__text\"><\/p><\/div>\n<\/div><\/div><\/div>\n\n\n\n<div class=\"wp-block-stackable-column stk-block-column stk-block-column--v2 stk-column stk-block stk-ed478e6\" data-block-id=\"ed478e6\"><style>@media screen and (min-width:768px){.stk-ed478e6{flex:1 1 calc(77% - var(--stk-column-gap,0px) * 1 \/ 2 ) !important}}.stk-ed478e6-container{background-image:url(https:\/\/eu.academy.healy.world\/\/app\/uploads\/2022\/11\/Header.png) !important;background-position:top right !important;background-repeat:no-repeat !important;background-size:cover !important}.stk-ed478e6-container{margin-top:0px !important;margin-right:0px !important;margin-bottom:0px !important;margin-left:0px !important}<\/style><div class=\"stk-column-wrapper stk-block-column__content stk-container stk-ed478e6-container stk-hover-parent stk--has-background-overlay\"><div class=\"stk-block-content stk-inner-blocks stk-ed478e6-inner-blocks\"><\/div><\/div><\/div>\n<\/div><\/div>\n\n<div class=\"wp-block-stackable-columns stk-block-columns stk-block stk-f16ee5f\" data-block-id=\"f16ee5f\"><style>.stk-f16ee5f{padding-top:0px !important;padding-right:0px !important;padding-bottom:0px !important;padding-left:0px !important;margin-bottom:40px !important}<\/style><div class=\"stk-row stk-inner-blocks stk-block-content stk-content-align stk-f16ee5f-column\">\n<div class=\"wp-block-stackable-column stk-block-column stk-block-column--v2 stk-column stk-block stk-b7cb772\" data-block-id=\"b7cb772\"><div class=\"stk-column-wrapper stk-block-column__content stk-container stk-b7cb772-container stk--no-background stk--no-padding\"><div class=\"stk-block-content stk-inner-blocks stk-b7cb772-inner-blocks\"><\/div><\/div><\/div>\n<\/div><\/div>\n","protected":false},"excerpt":{"rendered":"<p>Vi \u00e4r glada att du \u00e4r h\u00e4r F\u00f6r att se allt inneh\u00e5ll m\u00e5ste du logga in med dina Healy Shop-uppgifter.<\/p>\n","protected":false},"author":2,"featured_media":0,"parent":0,"menu_order":0,"comment_status":"closed","ping_status":"closed","template":"page-full-width.php","meta":{"login_restrictions":false,"role_restrictions":["administrator","editor","author","member","customer"],"footnotes":""},"class_list":["post-5806","page","type-page","status-publish","hentry"],"yoast_head":"<!-- This site is optimized with the Yoast SEO plugin v23.9 - https:\/\/yoast.com\/wordpress\/plugins\/seo\/ -->\n<title>Tack f\u00f6r att du anv\u00e4nder Healy Academy - Healy Academy<\/title>\n<meta name=\"robots\" content=\"noindex, follow, max-snippet:-1, max-image-preview:large, max-video-preview:-1\" \/>\n<meta property=\"og:locale\" content=\"sv_SE\" \/>\n<meta property=\"og:type\" content=\"article\" \/>\n<meta property=\"og:title\" content=\"Tack f\u00f6r att du anv\u00e4nder Healy Academy - Healy Academy\" \/>\n<meta property=\"og:description\" content=\"Vi \u00e4r glada att du \u00e4r h\u00e4r F\u00f6r att se allt inneh\u00e5ll m\u00e5ste du logga in med dina Healy Shop-uppgifter.\" \/>\n<meta property=\"og:url\" content=\"https:\/\/eu.academy.healy.world\/cs\/test-page-cs\/\" \/>\n<meta property=\"og:site_name\" content=\"Healy Academy\" \/>\n<meta property=\"article:modified_time\" content=\"2023-03-31T19:15:18+00:00\" \/>\n<meta name=\"twitter:card\" content=\"summary_large_image\" \/>\n<script type=\"application\/ld+json\" class=\"yoast-schema-graph\">{\"@context\":\"https:\/\/schema.org\",\"@graph\":[{\"@type\":\"WebPage\",\"@id\":\"https:\/\/eu.academy.healy.world\/cs\/test-page-cs\/\",\"url\":\"https:\/\/eu.academy.healy.world\/cs\/test-page-cs\/\",\"name\":\"Tack f\u00f6r att du anv\u00e4nder Healy Academy - Healy Academy\",\"isPartOf\":{\"@id\":\"https:\/\/eu.academy.healy.world\/#website\"},\"datePublished\":\"2022-11-14T19:24:22+00:00\",\"dateModified\":\"2023-03-31T19:15:18+00:00\",\"breadcrumb\":{\"@id\":\"https:\/\/eu.academy.healy.world\/cs\/test-page-cs\/#breadcrumb\"},\"inLanguage\":\"sv-SE\",\"potentialAction\":[{\"@type\":\"ReadAction\",\"target\":[\"https:\/\/eu.academy.healy.world\/cs\/test-page-cs\/\"]}]},{\"@type\":\"BreadcrumbList\",\"@id\":\"https:\/\/eu.academy.healy.world\/cs\/test-page-cs\/#breadcrumb\",\"itemListElement\":[{\"@type\":\"ListItem\",\"position\":1,\"name\":\"Home\",\"item\":\"https:\/\/eu.academy.healy.world\/sv\/\"},{\"@type\":\"ListItem\",\"position\":2,\"name\":\"Tack f\u00f6r att du anv\u00e4nder Healy Academy\"}]},{\"@type\":\"WebSite\",\"@id\":\"https:\/\/eu.academy.healy.world\/#website\",\"url\":\"https:\/\/eu.academy.healy.world\/\",\"name\":\"Healy Academy\",\"description\":\"\",\"publisher\":{\"@id\":\"https:\/\/eu.academy.healy.world\/#organization\"},\"potentialAction\":[{\"@type\":\"SearchAction\",\"target\":{\"@type\":\"EntryPoint\",\"urlTemplate\":\"https:\/\/eu.academy.healy.world\/?s={search_term_string}\"},\"query-input\":{\"@type\":\"PropertyValueSpecification\",\"valueRequired\":true,\"valueName\":\"search_term_string\"}}],\"inLanguage\":\"sv-SE\"},{\"@type\":\"Organization\",\"@id\":\"https:\/\/eu.academy.healy.world\/#organization\",\"name\":\"Healy Academy\",\"url\":\"https:\/\/eu.academy.healy.world\/\",\"logo\":{\"@type\":\"ImageObject\",\"inLanguage\":\"sv-SE\",\"@id\":\"https:\/\/eu.academy.healy.world\/#\/schema\/logo\/image\/\",\"url\":\"https:\/\/eu.academy.healy.world\/\/app\/uploads\/2022\/10\/Healy-Academy-Logo-1.png\",\"contentUrl\":\"https:\/\/eu.academy.healy.world\/\/app\/uploads\/2022\/10\/Healy-Academy-Logo-1.png\",\"width\":206,\"height\":106,\"caption\":\"Healy Academy\"},\"image\":{\"@id\":\"https:\/\/eu.academy.healy.world\/#\/schema\/logo\/image\/\"}}]}<\/script>\n<!-- \/ Yoast SEO plugin. -->","yoast_head_json":{"title":"Tack f\u00f6r att du anv\u00e4nder Healy Academy - Healy Academy","robots":{"index":"noindex","follow":"follow","max-snippet":"max-snippet:-1","max-image-preview":"max-image-preview:large","max-video-preview":"max-video-preview:-1"},"og_locale":"sv_SE","og_type":"article","og_title":"Tack f\u00f6r att du anv\u00e4nder Healy Academy - Healy Academy","og_description":"Vi \u00e4r glada att du \u00e4r h\u00e4r F\u00f6r att se allt inneh\u00e5ll m\u00e5ste du logga in med dina Healy Shop-uppgifter.","og_url":"https:\/\/eu.academy.healy.world\/cs\/test-page-cs\/","og_site_name":"Healy Academy","article_modified_time":"2023-03-31T19:15:18+00:00","twitter_card":"summary_large_image","schema":{"@context":"https:\/\/schema.org","@graph":[{"@type":"WebPage","@id":"https:\/\/eu.academy.healy.world\/cs\/test-page-cs\/","url":"https:\/\/eu.academy.healy.world\/cs\/test-page-cs\/","name":"Tack f\u00f6r att du anv\u00e4nder Healy Academy - Healy Academy","isPartOf":{"@id":"https:\/\/eu.academy.healy.world\/#website"},"datePublished":"2022-11-14T19:24:22+00:00","dateModified":"2023-03-31T19:15:18+00:00","breadcrumb":{"@id":"https:\/\/eu.academy.healy.world\/cs\/test-page-cs\/#breadcrumb"},"inLanguage":"sv-SE","potentialAction":[{"@type":"ReadAction","target":["https:\/\/eu.academy.healy.world\/cs\/test-page-cs\/"]}]},{"@type":"BreadcrumbList","@id":"https:\/\/eu.academy.healy.world\/cs\/test-page-cs\/#breadcrumb","itemListElement":[{"@type":"ListItem","position":1,"name":"Home","item":"https:\/\/eu.academy.healy.world\/sv\/"},{"@type":"ListItem","position":2,"name":"Tack f\u00f6r att du anv\u00e4nder Healy Academy"}]},{"@type":"WebSite","@id":"https:\/\/eu.academy.healy.world\/#website","url":"https:\/\/eu.academy.healy.world\/","name":"Healy Academy","description":"","publisher":{"@id":"https:\/\/eu.academy.healy.world\/#organization"},"potentialAction":[{"@type":"SearchAction","target":{"@type":"EntryPoint","urlTemplate":"https:\/\/eu.academy.healy.world\/?s={search_term_string}"},"query-input":{"@type":"PropertyValueSpecification","valueRequired":true,"valueName":"search_term_string"}}],"inLanguage":"sv-SE"},{"@type":"Organization","@id":"https:\/\/eu.academy.healy.world\/#organization","name":"Healy Academy","url":"https:\/\/eu.academy.healy.world\/","logo":{"@type":"ImageObject","inLanguage":"sv-SE","@id":"https:\/\/eu.academy.healy.world\/#\/schema\/logo\/image\/","url":"https:\/\/eu.academy.healy.world\/\/app\/uploads\/2022\/10\/Healy-Academy-Logo-1.png","contentUrl":"https:\/\/eu.academy.healy.world\/\/app\/uploads\/2022\/10\/Healy-Academy-Logo-1.png","width":206,"height":106,"caption":"Healy Academy"},"image":{"@id":"https:\/\/eu.academy.healy.world\/#\/schema\/logo\/image\/"}}]}},"_links":{"self":[{"href":"https:\/\/eu.academy.healy.world\/sv\/wp-json\/wp\/v2\/pages\/5806","targetHints":{"allow":["GET"]}}],"collection":[{"href":"https:\/\/eu.academy.healy.world\/sv\/wp-json\/wp\/v2\/pages"}],"about":[{"href":"https:\/\/eu.academy.healy.world\/sv\/wp-json\/wp\/v2\/types\/page"}],"author":[{"embeddable":true,"href":"https:\/\/eu.academy.healy.world\/sv\/wp-json\/wp\/v2\/users\/2"}],"replies":[{"embeddable":true,"href":"https:\/\/eu.academy.healy.world\/sv\/wp-json\/wp\/v2\/comments?post=5806"}],"version-history":[{"count":1,"href":"https:\/\/eu.academy.healy.world\/sv\/wp-json\/wp\/v2\/pages\/5806\/revisions"}],"predecessor-version":[{"id":5807,"href":"https:\/\/eu.academy.healy.world\/sv\/wp-json\/wp\/v2\/pages\/5806\/revisions\/5807"}],"wp:attachment":[{"href":"https:\/\/eu.academy.healy.world\/sv\/wp-json\/wp\/v2\/media?parent=5806"}],"curies":[{"name":"wp","href":"https:\/\/api.w.org\/{rel}","templated":true}]}}