{"id":29176,"date":"2025-05-05T10:40:29","date_gmt":"2025-05-05T10:40:29","guid":{"rendered":"https:\/\/eu.academy.healy.world\/?page_id=29176"},"modified":"2025-05-08T09:15:20","modified_gmt":"2025-05-08T09:15:20","slug":"unlimited-abundance","status":"publish","type":"page","link":"https:\/\/eu.academy.healy.world\/sv\/business-sv\/unlimited-abundance\/","title":{"rendered":"Unlimited Abundance"},"content":{"rendered":"\n<div class=\"wp-block-stackable-columns stk-block-columns stk-block stk-455ce4e stk-block-background\" data-block-id=\"455ce4e\"><style>.stk-455ce4e {background-color:var(--stk-global-color-30926, #ffffff) !important;border-top-left-radius:10px !important;border-top-right-radius:10px !important;border-bottom-right-radius:10px !important;border-bottom-left-radius:10px !important;overflow:hidden !important;min-height:0px !important;padding-top:0px !important;padding-right:0px !important;padding-bottom:0px !important;padding-left:0px !important;margin-top:30px !important;margin-bottom:40px !important;}.stk-455ce4e:before{background-color:var(--stk-global-color-30926, #ffffff) !important;}<\/style><div class=\"stk-row stk-inner-blocks stk-block-content stk-content-align stk-455ce4e-column\">\n<div class=\"wp-block-stackable-column stk-block-column stk-column stk-block stk-09236cd\" data-v=\"4\" data-block-id=\"09236cd\"><style>.stk-09236cd {margin-top:20px !important;margin-bottom:20px !important;margin-left:20px !important;}@media screen and (min-width: 768px){.stk-09236cd {flex:var(--stk-flex-grow, 1) 1 calc(50.000000000000014% - var(--stk-column-gap, 0px) * 1 \/ 2 ) !important;}}<\/style><div class=\"stk-column-wrapper stk-block-column__content stk-container stk-09236cd-container stk--no-background stk--no-padding\"><div class=\"stk-block-content stk-inner-blocks stk-09236cd-inner-blocks\">\n<div class=\"wp-block-stackable-heading stk-block-heading stk-block-heading--v2 stk-block stk-7a13a67\" id=\"the-unlimited-abundance-promotion\" data-block-id=\"7a13a67\"><style>.stk-7a13a67 .stk-block-heading__text{font-size:26px !important;}@media screen and (max-width: 1023px){.stk-7a13a67 .stk-block-heading__text{font-size:26px !important;}}<\/style><h2 class=\"stk-block-heading__text\">The Unlimited Abundance Promotion<\/h2><\/div>\n\n\n\n<p data-block-type=\"core\">Unlimited Success &#8211; Starting April 3rd 2025!<\/p>\n\n\n\n<p data-block-type=\"core\">Earn Your Upgrade &amp; Upsize Your Edition Now!<br>Start earning Qualifying Counts towards your free upgrade when you personally and successfully refer a Qualifying Device and\/or Bundle to a new Member or Customer.<\/p>\n\n\n\n<p data-block-type=\"core\">The more you share, the more you upgrade.<\/p>\n<\/div><\/div><\/div>\n\n\n\n<div class=\"wp-block-stackable-column stk-block-column stk-column stk-block stk-c8325c2\" data-v=\"4\" data-block-id=\"c8325c2\"><style>.stk-c8325c2-container{margin-top:0px !important;margin-right:0px !important;margin-bottom:0px !important;margin-left:0px !important;background-image:url(https:\/\/eu.academy.healy.world\/\/app\/uploads\/2025\/05\/Healy_2023-03-Photo-16-scaled.jpg) !important;background-size:cover !important;border-top-left-radius:0px !important;border-top-right-radius:0px !important;border-bottom-right-radius:0px !important;border-bottom-left-radius:0px !important;overflow:hidden !important;box-shadow:none !important;padding-top:32px !important;padding-right:32px !important;padding-bottom:32px !important;padding-left:32px !important;}@media screen and (min-width: 768px){.stk-c8325c2 {flex:var(--stk-flex-grow, 1) 1 calc(50% - var(--stk-column-gap, 0px) * 1 \/ 2 ) !important;}}<\/style><div class=\"stk-column-wrapper stk-block-column__content stk-container stk-c8325c2-container stk-hover-parent stk--has-background-overlay\"><div class=\"stk-block-content stk-inner-blocks stk-c8325c2-inner-blocks\"><\/div><\/div><\/div>\n<\/div><\/div>\n\n\n\n<div class=\"wp-block-stackable-heading stk-block-heading stk-block-heading--v2 stk-block stk-7573c36\" id=\"video\" data-block-id=\"7573c36\"><style>.stk-7573c36 {margin-bottom:0px !important;}.stk-7573c36 .stk-block-heading__text{font-size:30px !important;}@media screen and (max-width: 1023px){.stk-7573c36 .stk-block-heading__text{font-size:30px !important;}}<\/style><h2 class=\"stk-block-heading__text\">VIDEO<\/h2><\/div>\n\n\n<div class=\"learndash-wrap\"><div id=\"ld-course-list-content-ae55c7399270a76365f25aef7582f804\" class=\"ld-course-list-content\" data-shortcode-atts=\"{&quot;lesson_tag&quot;:&quot;UnlimitedAbundance&quot;,&quot;course_grid&quot;:&quot;true&quot;,&quot;post_type&quot;:&quot;sfwd-lessons&quot;,&quot;mycourses&quot;:false,&quot;status&quot;:false}\">\n\t\t\t<div class=\"ld-course-list-items row\">\n\t\n<div class=\"learndash-wrapper campus \" data-lesson-id=\"29287\">\n\t<div class=\"ld-item-list\">\n\t\t<div class=\"ld-item-list-item\">\n\t\t\t<div class=\"ld-item-list-item-preview\">\n\t\t\t\t\t\t\t\t\t<div class=\"ld-item-card\">\n\t\t\t\t\t\t<figure class=\"video-thumbnail hide-video\">\n\t\t\t\t\t\t\t<img loading=\"lazy\" decoding=\"async\" width=\"1552\" height=\"794\" src=\"https:\/\/eu.academy.healy.world\/\/app\/uploads\/2025\/05\/dd11e085-b91f-40c3-9562-728855cec551.jpg\" class=\"attachment-post-thumbnail size-post-thumbnail wp-post-image\" alt=\"\" srcset=\"https:\/\/eu.academy.healy.world\/\/app\/uploads\/2025\/05\/dd11e085-b91f-40c3-9562-728855cec551.jpg 1552w, https:\/\/eu.academy.healy.world\/\/app\/uploads\/2025\/05\/dd11e085-b91f-40c3-9562-728855cec551-300x153.jpg 300w, https:\/\/eu.academy.healy.world\/\/app\/uploads\/2025\/05\/dd11e085-b91f-40c3-9562-728855cec551-1024x524.jpg 1024w, https:\/\/eu.academy.healy.world\/\/app\/uploads\/2025\/05\/dd11e085-b91f-40c3-9562-728855cec551-768x393.jpg 768w, https:\/\/eu.academy.healy.world\/\/app\/uploads\/2025\/05\/dd11e085-b91f-40c3-9562-728855cec551-1536x786.jpg 1536w\" sizes=\"auto, (max-width: 1552px) 100vw, 1552px\" \/>\t\t\t\t\t\t\t<a class=\"play-icon eu\" title=\"Video Play\" href=\"#\"><\/a>\n\t\t\t\t\t\t\t<div class=\"ld-video\" data-video-progression=\"true\" data-video-cookie-key=\"learndash-video-progress-028eedd5bc14e6cf1b61117a9b315fda\" data-video-provider=\"youtube\"><iframe loading=\"lazy\" title=\"\ud83d\ude80 Unlimited Abundance Promotion | Unlock Unlimited Success with Healy World!\" width=\"720\" height=\"405\" src=\"https:\/\/www.youtube.com\/embed\/8RTItEyz7CU?feature=oembed&#038;controls=0&#038;autoplay=0&#038;modestbranding=1&#038;showinfo=0&#038;rel=0&#038;enablejsapi=1\" frameborder=\"0\" allow=\"accelerometer; autoplay; clipboard-write; encrypted-media; gyroscope; picture-in-picture; web-share\" referrerpolicy=\"strict-origin-when-cross-origin\" allowfullscreen><\/iframe><\/div>\t\t\t\t\t\t<\/figure>\n\t\t\t\t\t\t\t\t\t\t<div class=\"video-description\">\n\t\t\t\t\t\t\t<h3>The Unlimited Abundance Promotion | Odemkni neomezen\u00fd \u00fasp\u011bch s Healy World!<\/h3>\n\t\t\t\t\t\t\t<div class=\"video-description-text\">\n\t\t\t\t\t\t\t\tOdemkni neomezen\u00fd \u00fasp\u011bch s Unlimited Abundance Promotion!  Z\u00edskej neomezen\u00e9 upgrady, urychli sv\u016fj r\u016fst a prosperuj s Healy World. \u010c\u00edm v\u00edce sd\u00edl\u00ed\u0161, t\u00edm v\u00edce z\u00edsk\u00e1\u0161 \u2013 tak jednoduch\u00e9 to je!\t\t\t\t\t\t\t<\/div>\n\t\t\t\t\t\t<\/div>\n\t\t\t\t\t\t\n\t\t\t\t\t\t\t\t\t\t\t\t\t\t\t<\/div>\n\t\t\t\t\t\t\t<\/div>\n\t\t<\/div>\n\t<\/div>\n\n\t<\/div>\n\t<\/div>\n\t\t\t<\/div>\n\t\t<\/div>\n\n\n<div style=\"height:40px\" aria-hidden=\"true\" class=\"wp-block-spacer\" data-block-type=\"core\"><\/div>\n\n\n\n<div class=\"wp-block-stackable-heading stk-block-heading stk-block-heading--v2 stk-block stk-08e6c98\" id=\"download-material\" data-block-id=\"08e6c98\"><style>.stk-08e6c98 .stk-block-heading__text{font-size:30px !important;}@media screen and (max-width: 1023px){.stk-08e6c98 .stk-block-heading__text{font-size:30px !important;}}<\/style><h2 class=\"stk-block-heading__text\">DOWNLOAD MATERIAL<\/h2><\/div>\n\n\n<div class=\"download-card-list\">\n\n\t<\/div>\n\n\n\n\n<p data-block-type=\"core\"><\/p>\n","protected":false},"excerpt":{"rendered":"<p>The Unlimited Abundance Promotion Unlimited Success &#8211; Starting April 3rd 2025! Earn Your Upgrade &amp; Upsize Your Edition Now!Start earning Qualifying Counts towards your free upgrade when you personally and successfully refer a Qualifying Device and\/or Bundle to a new Member or Customer. The more you share, the more you upgrade. VIDEO DOWNLOAD MATERIAL<\/p>\n","protected":false},"author":37446,"featured_media":0,"parent":5782,"menu_order":0,"comment_status":"closed","ping_status":"closed","template":"","meta":{"login_restrictions":false,"role_restrictions":[],"footnotes":""},"class_list":["post-29176","page","type-page","status-publish","hentry"],"yoast_head":"<!-- This site is optimized with the Yoast SEO plugin v23.9 - https:\/\/yoast.com\/wordpress\/plugins\/seo\/ -->\n<title>Unlimited Abundance - Healy Academy<\/title>\n<meta name=\"robots\" content=\"noindex, follow, max-snippet:-1, max-image-preview:large, max-video-preview:-1\" \/>\n<meta property=\"og:locale\" content=\"sv_SE\" \/>\n<meta property=\"og:type\" content=\"article\" \/>\n<meta property=\"og:title\" content=\"Unlimited Abundance - Healy Academy\" \/>\n<meta property=\"og:description\" content=\"The Unlimited Abundance Promotion Unlimited Success &#8211; Starting April 3rd 2025! Earn Your Upgrade &amp; Upsize Your Edition Now!Start earning Qualifying Counts towards your free upgrade when you personally and successfully refer a Qualifying Device and\/or Bundle to a new Member or Customer. The more you share, the more you upgrade. VIDEO DOWNLOAD MATERIAL\" \/>\n<meta property=\"og:url\" content=\"https:\/\/eu.academy.healy.world\/sv\/business-sv\/unlimited-abundance\/\" \/>\n<meta property=\"og:site_name\" content=\"Healy Academy\" \/>\n<meta property=\"article:modified_time\" content=\"2025-05-08T09:15:20+00:00\" \/>\n<meta name=\"twitter:card\" content=\"summary_large_image\" \/>\n<meta name=\"twitter:label1\" content=\"Est. reading time\" \/>\n\t<meta name=\"twitter:data1\" content=\"1 minute\" \/>\n<script type=\"application\/ld+json\" class=\"yoast-schema-graph\">{\"@context\":\"https:\/\/schema.org\",\"@graph\":[{\"@type\":\"WebPage\",\"@id\":\"https:\/\/eu.academy.healy.world\/sv\/business-sv\/unlimited-abundance\/\",\"url\":\"https:\/\/eu.academy.healy.world\/sv\/business-sv\/unlimited-abundance\/\",\"name\":\"Unlimited Abundance - Healy Academy\",\"isPartOf\":{\"@id\":\"https:\/\/eu.academy.healy.world\/#website\"},\"datePublished\":\"2025-05-05T10:40:29+00:00\",\"dateModified\":\"2025-05-08T09:15:20+00:00\",\"breadcrumb\":{\"@id\":\"https:\/\/eu.academy.healy.world\/sv\/business-sv\/unlimited-abundance\/#breadcrumb\"},\"inLanguage\":\"sv-SE\",\"potentialAction\":[{\"@type\":\"ReadAction\",\"target\":[\"https:\/\/eu.academy.healy.world\/sv\/business-sv\/unlimited-abundance\/\"]}]},{\"@type\":\"BreadcrumbList\",\"@id\":\"https:\/\/eu.academy.healy.world\/sv\/business-sv\/unlimited-abundance\/#breadcrumb\",\"itemListElement\":[{\"@type\":\"ListItem\",\"position\":1,\"name\":\"Home\",\"item\":\"https:\/\/eu.academy.healy.world\/sv\/\"},{\"@type\":\"ListItem\",\"position\":2,\"name\":\"Verksamhet\",\"item\":\"https:\/\/eu.academy.healy.world\/sv\/business-sv\/\"},{\"@type\":\"ListItem\",\"position\":3,\"name\":\"Unlimited Abundance\"}]},{\"@type\":\"WebSite\",\"@id\":\"https:\/\/eu.academy.healy.world\/#website\",\"url\":\"https:\/\/eu.academy.healy.world\/\",\"name\":\"Healy Academy\",\"description\":\"\",\"publisher\":{\"@id\":\"https:\/\/eu.academy.healy.world\/#organization\"},\"potentialAction\":[{\"@type\":\"SearchAction\",\"target\":{\"@type\":\"EntryPoint\",\"urlTemplate\":\"https:\/\/eu.academy.healy.world\/?s={search_term_string}\"},\"query-input\":{\"@type\":\"PropertyValueSpecification\",\"valueRequired\":true,\"valueName\":\"search_term_string\"}}],\"inLanguage\":\"sv-SE\"},{\"@type\":\"Organization\",\"@id\":\"https:\/\/eu.academy.healy.world\/#organization\",\"name\":\"Healy Academy\",\"url\":\"https:\/\/eu.academy.healy.world\/\",\"logo\":{\"@type\":\"ImageObject\",\"inLanguage\":\"sv-SE\",\"@id\":\"https:\/\/eu.academy.healy.world\/#\/schema\/logo\/image\/\",\"url\":\"https:\/\/eu.academy.healy.world\/\/app\/uploads\/2022\/10\/Healy-Academy-Logo-1.png\",\"contentUrl\":\"https:\/\/eu.academy.healy.world\/\/app\/uploads\/2022\/10\/Healy-Academy-Logo-1.png\",\"width\":206,\"height\":106,\"caption\":\"Healy Academy\"},\"image\":{\"@id\":\"https:\/\/eu.academy.healy.world\/#\/schema\/logo\/image\/\"}}]}<\/script>\n<!-- \/ Yoast SEO plugin. -->","yoast_head_json":{"title":"Unlimited Abundance - Healy Academy","robots":{"index":"noindex","follow":"follow","max-snippet":"max-snippet:-1","max-image-preview":"max-image-preview:large","max-video-preview":"max-video-preview:-1"},"og_locale":"sv_SE","og_type":"article","og_title":"Unlimited Abundance - Healy Academy","og_description":"The Unlimited Abundance Promotion Unlimited Success &#8211; Starting April 3rd 2025! Earn Your Upgrade &amp; Upsize Your Edition Now!Start earning Qualifying Counts towards your free upgrade when you personally and successfully refer a Qualifying Device and\/or Bundle to a new Member or Customer. The more you share, the more you upgrade. VIDEO DOWNLOAD MATERIAL","og_url":"https:\/\/eu.academy.healy.world\/sv\/business-sv\/unlimited-abundance\/","og_site_name":"Healy Academy","article_modified_time":"2025-05-08T09:15:20+00:00","twitter_card":"summary_large_image","twitter_misc":{"Est. reading time":"1 minute"},"schema":{"@context":"https:\/\/schema.org","@graph":[{"@type":"WebPage","@id":"https:\/\/eu.academy.healy.world\/sv\/business-sv\/unlimited-abundance\/","url":"https:\/\/eu.academy.healy.world\/sv\/business-sv\/unlimited-abundance\/","name":"Unlimited Abundance - Healy Academy","isPartOf":{"@id":"https:\/\/eu.academy.healy.world\/#website"},"datePublished":"2025-05-05T10:40:29+00:00","dateModified":"2025-05-08T09:15:20+00:00","breadcrumb":{"@id":"https:\/\/eu.academy.healy.world\/sv\/business-sv\/unlimited-abundance\/#breadcrumb"},"inLanguage":"sv-SE","potentialAction":[{"@type":"ReadAction","target":["https:\/\/eu.academy.healy.world\/sv\/business-sv\/unlimited-abundance\/"]}]},{"@type":"BreadcrumbList","@id":"https:\/\/eu.academy.healy.world\/sv\/business-sv\/unlimited-abundance\/#breadcrumb","itemListElement":[{"@type":"ListItem","position":1,"name":"Home","item":"https:\/\/eu.academy.healy.world\/sv\/"},{"@type":"ListItem","position":2,"name":"Verksamhet","item":"https:\/\/eu.academy.healy.world\/sv\/business-sv\/"},{"@type":"ListItem","position":3,"name":"Unlimited Abundance"}]},{"@type":"WebSite","@id":"https:\/\/eu.academy.healy.world\/#website","url":"https:\/\/eu.academy.healy.world\/","name":"Healy Academy","description":"","publisher":{"@id":"https:\/\/eu.academy.healy.world\/#organization"},"potentialAction":[{"@type":"SearchAction","target":{"@type":"EntryPoint","urlTemplate":"https:\/\/eu.academy.healy.world\/?s={search_term_string}"},"query-input":{"@type":"PropertyValueSpecification","valueRequired":true,"valueName":"search_term_string"}}],"inLanguage":"sv-SE"},{"@type":"Organization","@id":"https:\/\/eu.academy.healy.world\/#organization","name":"Healy Academy","url":"https:\/\/eu.academy.healy.world\/","logo":{"@type":"ImageObject","inLanguage":"sv-SE","@id":"https:\/\/eu.academy.healy.world\/#\/schema\/logo\/image\/","url":"https:\/\/eu.academy.healy.world\/\/app\/uploads\/2022\/10\/Healy-Academy-Logo-1.png","contentUrl":"https:\/\/eu.academy.healy.world\/\/app\/uploads\/2022\/10\/Healy-Academy-Logo-1.png","width":206,"height":106,"caption":"Healy Academy"},"image":{"@id":"https:\/\/eu.academy.healy.world\/#\/schema\/logo\/image\/"}}]}},"_links":{"self":[{"href":"https:\/\/eu.academy.healy.world\/sv\/wp-json\/wp\/v2\/pages\/29176","targetHints":{"allow":["GET"]}}],"collection":[{"href":"https:\/\/eu.academy.healy.world\/sv\/wp-json\/wp\/v2\/pages"}],"about":[{"href":"https:\/\/eu.academy.healy.world\/sv\/wp-json\/wp\/v2\/types\/page"}],"author":[{"embeddable":true,"href":"https:\/\/eu.academy.healy.world\/sv\/wp-json\/wp\/v2\/users\/37446"}],"replies":[{"embeddable":true,"href":"https:\/\/eu.academy.healy.world\/sv\/wp-json\/wp\/v2\/comments?post=29176"}],"version-history":[{"count":6,"href":"https:\/\/eu.academy.healy.world\/sv\/wp-json\/wp\/v2\/pages\/29176\/revisions"}],"predecessor-version":[{"id":29416,"href":"https:\/\/eu.academy.healy.world\/sv\/wp-json\/wp\/v2\/pages\/29176\/revisions\/29416"}],"up":[{"embeddable":true,"href":"https:\/\/eu.academy.healy.world\/sv\/wp-json\/wp\/v2\/pages\/5782"}],"wp:attachment":[{"href":"https:\/\/eu.academy.healy.world\/sv\/wp-json\/wp\/v2\/media?parent=29176"}],"curies":[{"name":"wp","href":"https:\/\/api.w.org\/{rel}","templated":true}]}}